{"id":826,"date":"2018-11-27T09:16:54","date_gmt":"2018-11-27T09:16:54","guid":{"rendered":"https:\/\/motoguapa.com\/index.php\/home\/"},"modified":"2022-10-07T08:11:30","modified_gmt":"2022-10-07T08:11:30","slug":"home","status":"publish","type":"page","link":"https:\/\/motoguapa.com\/index.php\/home\/","title":{"rendered":"Home"},"content":{"rendered":"<style>.wp-block-kadence-advancedheading.kt-adv-heading_a4e5bb-7f, .wp-block-kadence-advancedheading.kt-adv-heading_a4e5bb-7f[data-kb-block=\"kb-adv-heading_a4e5bb-7f\"]{text-align:center;font-size:22px;line-height:90px;font-style:normal;}.wp-block-kadence-advancedheading.kt-adv-heading_a4e5bb-7f mark.kt-highlight, .wp-block-kadence-advancedheading.kt-adv-heading_a4e5bb-7f[data-kb-block=\"kb-adv-heading_a4e5bb-7f\"] mark.kt-highlight{font-style:normal;color:#f76a0c;border-width:2px;-webkit-box-decoration-break:clone;box-decoration-break:clone;padding-top:0px;padding-right:0px;padding-bottom:0px;padding-left:0px;}.wp-block-kadence-advancedheading.kt-adv-heading_a4e5bb-7f img.kb-inline-image, .wp-block-kadence-advancedheading.kt-adv-heading_a4e5bb-7f[data-kb-block=\"kb-adv-heading_a4e5bb-7f\"] img.kb-inline-image{width:150px;vertical-align:baseline;}<\/style>\n<h1 class=\"kt-adv-heading_a4e5bb-7f wp-block-kadence-advancedheading\" data-kb-block=\"kb-adv-heading_a4e5bb-7f\">\u00abIm\u00e1genes que no deben perderse de nuestras motos y de la gente que las hizo posibles\u00bb<\/h1>\n\n\n\n<div class=\"wp-block-kadence-slider kb-advanced-slider kb-advanced-slider-_c9eac1-82\"><div class=\"kb-advanced-slider-inner-contain\"><div class=\"kb-blocks-advanced-carousel kt-blocks-carousel kt-carousel-container-dotstyle-dark\"><div class=\"kb-blocks-advanced-slider-init kb-slider-loading kb-blocks-slider kt-carousel-arrowstyle-whiteondark kt-carousel-dotstyle-dark kb-slider-size-ratio kb-slider-ratio-12-5 kb-slider-tab-ratio-inherit kb-slider-mobile-ratio-inherit\" data-slider-anim-speed=\"910\" data-slider-type=\"slider\" data-slider-scroll=\"1\" data-slider-fade=\"true\" data-slider-arrows=\"true\" data-slider-dots=\"true\" data-slider-hover-pause=\"false\" data-slider-auto=\"true\" data-slider-speed=\"4600\">\n<div class=\"wp-block-kadence-slide kb-advanced-slide-item kb-slide-_adf612-c7\"><div class=\"kb-advanced-slide\"><div class=\"kb-advanced-slide-inner-wrap\" style=\"background-image:url(/https:\/\/motoguapa.com\/wp-content\/uploads\/2022\/07\/emxmycnxsaaa4as.jpg);background-size:cover;background-position:center center;background-repeat:no-repeat\"><div class=\"kb-advanced-slide-inner\">\n<div class=\"wp-block-columns is-layout-flex wp-container-core-columns-is-layout-ab5c11c5 wp-block-columns-is-layout-flex\" style=\"padding-top:50px;padding-right:50px;padding-bottom:50px;padding-left:50px\">\n<div class=\"wp-block-column is-layout-flow wp-block-column-is-layout-flow\"><\/div>\n\n\n\n<div class=\"wp-block-column is-layout-flow wp-block-column-is-layout-flow\"><\/div>\n<\/div>\n<\/div><\/div><\/div><\/div>\n\n\n\n<div class=\"wp-block-kadence-slide kb-advanced-slide-item kb-slide-_f22aca-7a\"><div class=\"kb-advanced-slide\"><div class=\"kb-advanced-slide-inner-wrap\" style=\"background-image:url(/https:\/\/motoguapa.com\/wp-content\/uploads\/2022\/08\/cataleg-Impala-1962.jpg);background-size:cover;background-position:center center;background-repeat:no-repeat\"><div class=\"kb-advanced-slide-inner\"><\/div><\/div><\/div><\/div>\n\n\n\n<div class=\"wp-block-kadence-slide kb-advanced-slide-item kb-slide-_bf1540-20\"><div class=\"kb-advanced-slide\"><div class=\"kb-advanced-slide-inner-wrap\" style=\"background-image:url(/https:\/\/motoguapa.com\/wp-content\/uploads\/2022\/08\/1977-Grau2.jpg);background-size:cover;background-position:center center;background-repeat:no-repeat\"><div class=\"kb-advanced-slide-inner\"><\/div><\/div><\/div><\/div>\n\n\n\n<div class=\"wp-block-kadence-slide kb-advanced-slide-item kb-slide-_a081d8-4d\"><div class=\"kb-advanced-slide\"><div class=\"kb-advanced-slide-inner-wrap kb-slide-align-center kb-slide-valign-middle kb-slide-tab-align-center kb-slide-tab-valign-middle\" style=\"background-image:url(/https:\/\/motoguapa.com\/wp-content\/uploads\/2022\/08\/10-octubre.jpg);background-size:cover;background-position:right bottom;background-repeat:no-repeat\"><div class=\"kb-advanced-slide-inner\"><style>.kb-image_3f2b2c-50 .kb-image-has-overlay:after{opacity:0.3;}<\/style>\n<div class=\"wp-block-kadence-image kb-image_3f2b2c-50\"><figure class=\"aligncenter size-medium\"><img decoding=\"async\" width=\"300\" height=\"114\" src=\"https:\/\/motoguapa.com\/wp-content\/uploads\/2022\/04\/cropped-logo_blanc-300x114.png\" alt=\"\" class=\"kb-img wp-image-1339\" srcset=\"\/wp-content\/uploads\/2022\/04\/cropped-logo_blanc-300x114.png 300w, \/wp-content\/uploads\/2022\/04\/cropped-logo_blanc-600x228.png 600w, \/wp-content\/uploads\/2022\/04\/cropped-logo_blanc-768x292.png 768w, \/wp-content\/uploads\/2022\/04\/cropped-logo_blanc.png 901w\" sizes=\"(max-width: 300px) 100vw, 300px\" \/><\/figure><\/div>\n<\/div><\/div><\/div><\/div>\n<\/div><\/div><\/div><\/div>\n\n\n<style>#kt-layout-id_a2942d-70 > .kt-row-column-wrap{align-content:start;}:where(#kt-layout-id_a2942d-70 > .kt-row-column-wrap) > .wp-block-kadence-column{justify-content:start;}#kt-layout-id_a2942d-70 > .kt-row-column-wrap{column-gap:var(--global-kb-gap-md, 2rem);row-gap:var(--global-kb-gap-md, 2rem);max-width:750px;margin-left:auto;margin-right:auto;padding-top:var( --global-kb-row-default-top, 25px );padding-bottom:var( --global-kb-row-default-bottom, 25px );padding-top:0px;grid-template-columns:minmax(0, 1fr);}#kt-layout-id_a2942d-70 > .kt-row-layout-overlay{opacity:0.30;}@media all and (max-width: 1024px){#kt-layout-id_a2942d-70 > .kt-row-column-wrap{grid-template-columns:minmax(0, 1fr);}}@media all and (max-width: 767px){#kt-layout-id_a2942d-70 > .kt-row-column-wrap{grid-template-columns:minmax(0, 1fr);}}<\/style>\n<div class=\"wp-block-kadence-rowlayout alignnone\"><div id=\"kt-layout-id_a2942d-70\" class=\"kt-row-layout-inner kt-layout-id_a2942d-70\"><div class=\"kt-row-column-wrap kt-has-1-columns kt-gutter-default kt-v-gutter-default kt-row-valign-top kt-row-layout-equal kt-tab-layout-inherit kt-m-colapse-left-to-right kt-mobile-layout-row\"><style>.kadence-column_cae3ec-2b > .kt-inside-inner-col{border-top-width:0px;border-right-width:0px;border-bottom-width:0px;border-left-width:0px;}.kadence-column_cae3ec-2b > .kt-inside-inner-col,.kadence-column_cae3ec-2b > .kt-inside-inner-col:before{border-top-left-radius:0px;border-top-right-radius:0px;border-bottom-right-radius:0px;border-bottom-left-radius:0px;}.kadence-column_cae3ec-2b > .kt-inside-inner-col{column-gap:var(--global-kb-gap-sm, 1rem);}.kadence-column_cae3ec-2b > .kt-inside-inner-col{flex-direction:column;}.kadence-column_cae3ec-2b > .kt-inside-inner-col > .aligncenter{width:100%;}.kadence-column_cae3ec-2b > .kt-inside-inner-col:before{opacity:0.3;}.kadence-column_cae3ec-2b{text-align:center;}.kadence-column_cae3ec-2b{position:relative;}@media all and (max-width: 1024px){.kadence-column_cae3ec-2b > .kt-inside-inner-col{flex-direction:column;justify-content:center;}}@media all and (max-width: 767px){.kadence-column_cae3ec-2b > .kt-inside-inner-col{flex-direction:column;justify-content:center;}}<\/style>\n<div class=\"wp-block-kadence-column inner-column-1 kadence-column_cae3ec-2b kb-section-dir-vertical\"><div class=\"kt-inside-inner-col\"><style>.wp-block-kadence-advancedheading.kt-adv-heading_003b69-88, .wp-block-kadence-advancedheading.kt-adv-heading_003b69-88[data-kb-block=\"kb-adv-heading_003b69-88\"]{text-align:center;font-size:36px;font-weight:400;font-style:normal;}.wp-block-kadence-advancedheading.kt-adv-heading_003b69-88 mark.kt-highlight, .wp-block-kadence-advancedheading.kt-adv-heading_003b69-88[data-kb-block=\"kb-adv-heading_003b69-88\"] mark.kt-highlight{font-style:normal;color:#f76a0c;-webkit-box-decoration-break:clone;box-decoration-break:clone;padding-top:0px;padding-right:0px;padding-bottom:0px;padding-left:0px;}.wp-block-kadence-advancedheading.kt-adv-heading_003b69-88 img.kb-inline-image, .wp-block-kadence-advancedheading.kt-adv-heading_003b69-88[data-kb-block=\"kb-adv-heading_003b69-88\"] img.kb-inline-image{width:150px;vertical-align:baseline;}<\/style>\n<h2 class=\"kt-adv-heading_003b69-88 wp-block-kadence-advancedheading\" data-kb-block=\"kb-adv-heading_003b69-88\"><\/h2>\n<\/div><\/div>\n<\/div><\/div><\/div>\n\n\n<style>#kt-layout-id_ed772f-1d > .kt-row-column-wrap{align-content:start;}:where(#kt-layout-id_ed772f-1d > .kt-row-column-wrap) > .wp-block-kadence-column{justify-content:start;}#kt-layout-id_ed772f-1d > .kt-row-column-wrap{column-gap:var(--global-kb-gap-md, 2rem);row-gap:var(--global-kb-gap-md, 2rem);max-width:var( --global-content-width, 1290px );padding-left:var(--global-content-edge-padding);padding-right:var(--global-content-edge-padding);padding-top:var( --global-kb-row-default-top, 25px );padding-bottom:var( --global-kb-row-default-bottom, 25px );padding-bottom:80px;}#kt-layout-id_ed772f-1d > .kt-row-column-wrap > div:not(.added-for-specificity){grid-column:initial;}#kt-layout-id_ed772f-1d > .kt-row-column-wrap{grid-template-columns:repeat(4, minmax(0, 1fr));}#kt-layout-id_ed772f-1d > .kt-row-layout-overlay{opacity:0.30;}@media all and (max-width: 1024px){#kt-layout-id_ed772f-1d > .kt-row-column-wrap > div:not(.added-for-specificity){grid-column:initial;}}@media all and (max-width: 1024px){#kt-layout-id_ed772f-1d > .kt-row-column-wrap{grid-template-columns:repeat(4, minmax(0, 1fr));}}@media all and (max-width: 767px){#kt-layout-id_ed772f-1d > .kt-row-column-wrap > div:not(.added-for-specificity){grid-column:initial;}#kt-layout-id_ed772f-1d > .kt-row-column-wrap{grid-template-columns:minmax(0, 1fr);}}<\/style>\n<div class=\"wp-block-kadence-rowlayout alignnone\"><div id=\"kt-layout-id_ed772f-1d\" class=\"kt-row-layout-inner kt-layout-id_ed772f-1d\"><div class=\"kt-row-column-wrap kt-has-4-columns kt-gutter-default kt-v-gutter-default kt-row-valign-top kt-row-layout-equal kt-tab-layout-inherit kt-m-colapse-left-to-right kt-mobile-layout-row kb-theme-content-width\"><style>.kadence-column_296b4e-91 > .kt-inside-inner-col{border-top-width:0px;border-right-width:0px;border-bottom-width:0px;border-left-width:0px;}.kadence-column_296b4e-91 > .kt-inside-inner-col,.kadence-column_296b4e-91 > .kt-inside-inner-col:before{border-top-left-radius:0px;border-top-right-radius:0px;border-bottom-right-radius:0px;border-bottom-left-radius:0px;}.kadence-column_296b4e-91 > .kt-inside-inner-col{column-gap:var(--global-kb-gap-sm, 1rem);}.kadence-column_296b4e-91 > .kt-inside-inner-col{flex-direction:column;}.kadence-column_296b4e-91 > .kt-inside-inner-col > .aligncenter{width:100%;}.kadence-column_296b4e-91 > .kt-inside-inner-col:before{opacity:0.3;}.kadence-column_296b4e-91{position:relative;}@media all and (max-width: 1024px){.kadence-column_296b4e-91 > .kt-inside-inner-col{flex-direction:column;justify-content:center;}}@media all and (max-width: 767px){.kadence-column_296b4e-91 > .kt-inside-inner-col{flex-direction:column;justify-content:center;}}<\/style>\n<div class=\"wp-block-kadence-column inner-column-1 kadence-column_296b4e-91\"><div class=\"kt-inside-inner-col\">\n<div class=\"wp-block-kadence-imageoverlay kt-img-overlay_5ac48f-91 aligncenter\"><div class=\"kt-image-overlay-wrap kt-over-image-zoomin\"><div class=\"kt-block-intrisic\"><img fetchpriority=\"high\" decoding=\"async\" src=\"https:\/\/motoguapa.com\/wp-content\/uploads\/2022\/04\/bultaco.jpg\" alt=\"\" width=\"1200\" height=\"1200\" class=\"kt-img-overlay wp-image-1086\" srcset=\"\/wp-content\/uploads\/2022\/04\/bultaco.jpg 1200w, \/wp-content\/uploads\/2022\/04\/bultaco-300x300.jpg 300w, \/wp-content\/uploads\/2022\/04\/bultaco-100x100.jpg 100w, \/wp-content\/uploads\/2022\/04\/bultaco-600x600.jpg 600w, \/wp-content\/uploads\/2022\/04\/bultaco-1024x1024.jpg 1024w, \/wp-content\/uploads\/2022\/04\/bultaco-150x150.jpg 150w, \/wp-content\/uploads\/2022\/04\/bultaco-768x768.jpg 768w\" sizes=\"(max-width: 1200px) 100vw, 1200px\" \/><div class=\"kt-image-overlay-color-wrapper\" style=\"opacity:0\"><div class=\"kt-image-overlay-color\" style=\"background-color:#ffffff;opacity:0\"><\/div><\/div><a href=\"https:\/\/motoguapa.com\/index.php\/bultaco-3\/\" class=\"kt-imageoverlay-link\"><div class=\"kt-image-overlay-message kt-over-substyle-visible kt-over-valign-center kt-over-halign-center\" style=\"border-color:rgba(255, 255, 255, 0.8);border-width:0px;left:0px;right:0px;bottom:0px;top:0px\"><div class=\"kt-image-overlay-inner\"><\/div><\/div><\/a><\/div><\/div><\/div>\n<\/div><\/div>\n\n\n<style>.kadence-column_a6f56c-17 > .kt-inside-inner-col{border-top-width:0px;border-right-width:0px;border-bottom-width:0px;border-left-width:0px;}.kadence-column_a6f56c-17 > .kt-inside-inner-col,.kadence-column_a6f56c-17 > .kt-inside-inner-col:before{border-top-left-radius:0px;border-top-right-radius:0px;border-bottom-right-radius:0px;border-bottom-left-radius:0px;}.kadence-column_a6f56c-17 > .kt-inside-inner-col{column-gap:var(--global-kb-gap-sm, 1rem);}.kadence-column_a6f56c-17 > .kt-inside-inner-col{flex-direction:column;}.kadence-column_a6f56c-17 > .kt-inside-inner-col > .aligncenter{width:100%;}.kadence-column_a6f56c-17 > .kt-inside-inner-col:before{opacity:0.3;}.kadence-column_a6f56c-17{position:relative;}@media all and (max-width: 1024px){.kadence-column_a6f56c-17 > .kt-inside-inner-col{flex-direction:column;justify-content:center;}}@media all and (max-width: 767px){.kadence-column_a6f56c-17 > .kt-inside-inner-col{flex-direction:column;justify-content:center;}}<\/style>\n<div class=\"wp-block-kadence-column inner-column-2 kadence-column_a6f56c-17\"><div class=\"kt-inside-inner-col\">\n<div class=\"wp-block-kadence-imageoverlay kt-img-overlay_924938-60 aligncenter\"><div class=\"kt-image-overlay-wrap kt-over-image-zoomin\"><div class=\"kt-block-intrisic\"><img decoding=\"async\" src=\"https:\/\/motoguapa.com\/wp-content\/uploads\/2022\/04\/Montesa.jpg\" alt=\"\" width=\"1200\" height=\"1200\" class=\"kt-img-overlay wp-image-1084\" srcset=\"\/wp-content\/uploads\/2022\/04\/Montesa.jpg 1200w, \/wp-content\/uploads\/2022\/04\/Montesa-300x300.jpg 300w, \/wp-content\/uploads\/2022\/04\/Montesa-100x100.jpg 100w, \/wp-content\/uploads\/2022\/04\/Montesa-600x600.jpg 600w, \/wp-content\/uploads\/2022\/04\/Montesa-1024x1024.jpg 1024w, \/wp-content\/uploads\/2022\/04\/Montesa-150x150.jpg 150w, \/wp-content\/uploads\/2022\/04\/Montesa-768x768.jpg 768w\" sizes=\"(max-width: 1200px) 100vw, 1200px\" \/><div class=\"kt-image-overlay-color-wrapper\" style=\"opacity:0\"><div class=\"kt-image-overlay-color\" style=\"background-color:#ffffff;opacity:0\"><\/div><\/div><a href=\"https:\/\/motoguapa.com\/index.php\/category\/bultaco\/\" class=\"kt-imageoverlay-link\"><div class=\"kt-image-overlay-message kt-over-substyle-visible kt-over-valign-center kt-over-halign-center\" style=\"border-color:rgba(255, 255, 255, 0.8);border-width:0px;left:0px;right:0px;bottom:0px;top:0px\"><div class=\"kt-image-overlay-inner\"><\/div><\/div><\/a><\/div><\/div><\/div>\n<\/div><\/div>\n\n\n<style>.kadence-column_d28cc2-7c > .kt-inside-inner-col{border-top-width:0px;border-right-width:0px;border-bottom-width:0px;border-left-width:0px;}.kadence-column_d28cc2-7c > .kt-inside-inner-col,.kadence-column_d28cc2-7c > .kt-inside-inner-col:before{border-top-left-radius:0px;border-top-right-radius:0px;border-bottom-right-radius:0px;border-bottom-left-radius:0px;}.kadence-column_d28cc2-7c > .kt-inside-inner-col{column-gap:var(--global-kb-gap-sm, 1rem);}.kadence-column_d28cc2-7c > .kt-inside-inner-col{flex-direction:column;}.kadence-column_d28cc2-7c > .kt-inside-inner-col > .aligncenter{width:100%;}.kadence-column_d28cc2-7c > .kt-inside-inner-col:before{opacity:0.3;}.kadence-column_d28cc2-7c{position:relative;}@media all and (max-width: 1024px){.kadence-column_d28cc2-7c > .kt-inside-inner-col{flex-direction:column;justify-content:center;}}@media all and (max-width: 767px){.kadence-column_d28cc2-7c > .kt-inside-inner-col{flex-direction:column;justify-content:center;}}<\/style>\n<div class=\"wp-block-kadence-column inner-column-3 kadence-column_d28cc2-7c\"><div class=\"kt-inside-inner-col\">\n<div class=\"wp-block-kadence-imageoverlay kt-img-overlay_9509ce-04 aligncenter\"><div class=\"kt-image-overlay-wrap kt-over-image-zoomin\"><div class=\"kt-block-intrisic\"><img loading=\"lazy\" decoding=\"async\" src=\"https:\/\/motoguapa.com\/wp-content\/uploads\/2022\/04\/ossa.jpg\" alt=\"\" width=\"1200\" height=\"1200\" class=\"kt-img-overlay wp-image-1083\" srcset=\"\/wp-content\/uploads\/2022\/04\/ossa.jpg 1200w, \/wp-content\/uploads\/2022\/04\/ossa-300x300.jpg 300w, \/wp-content\/uploads\/2022\/04\/ossa-100x100.jpg 100w, \/wp-content\/uploads\/2022\/04\/ossa-600x600.jpg 600w, \/wp-content\/uploads\/2022\/04\/ossa-1024x1024.jpg 1024w, \/wp-content\/uploads\/2022\/04\/ossa-150x150.jpg 150w, \/wp-content\/uploads\/2022\/04\/ossa-768x768.jpg 768w\" sizes=\"(max-width: 1200px) 100vw, 1200px\" \/><div class=\"kt-image-overlay-color-wrapper\" style=\"opacity:0\"><div class=\"kt-image-overlay-color\" style=\"background-color:#ffffff;opacity:0\"><\/div><\/div><a href=\"https:\/\/motoguapa.com\/index.php\/category\/bultaco\/\" class=\"kt-imageoverlay-link\"><div class=\"kt-image-overlay-message kt-over-substyle-visible kt-over-valign-center kt-over-halign-center\" style=\"border-color:rgba(255, 255, 255, 0.8);border-width:0px;left:0px;right:0px;bottom:0px;top:0px\"><div class=\"kt-image-overlay-inner\"><\/div><\/div><\/a><\/div><\/div><\/div>\n<\/div><\/div>\n\n\n<style>.kadence-column_6956ed-5d > .kt-inside-inner-col{border-top-width:0px;border-right-width:0px;border-bottom-width:0px;border-left-width:0px;}.kadence-column_6956ed-5d > .kt-inside-inner-col,.kadence-column_6956ed-5d > .kt-inside-inner-col:before{border-top-left-radius:0px;border-top-right-radius:0px;border-bottom-right-radius:0px;border-bottom-left-radius:0px;}.kadence-column_6956ed-5d > .kt-inside-inner-col{column-gap:var(--global-kb-gap-sm, 1rem);}.kadence-column_6956ed-5d > .kt-inside-inner-col{flex-direction:column;}.kadence-column_6956ed-5d > .kt-inside-inner-col > .aligncenter{width:100%;}.kadence-column_6956ed-5d > .kt-inside-inner-col:before{opacity:0.3;}.kadence-column_6956ed-5d{position:relative;}@media all and (max-width: 1024px){.kadence-column_6956ed-5d > .kt-inside-inner-col{flex-direction:column;justify-content:center;}}@media all and (max-width: 767px){.kadence-column_6956ed-5d > .kt-inside-inner-col{flex-direction:column;justify-content:center;}}<\/style>\n<div class=\"wp-block-kadence-column inner-column-4 kadence-column_6956ed-5d\"><div class=\"kt-inside-inner-col\">\n<div class=\"wp-block-kadence-imageoverlay kt-img-overlay_0b22a5-89 aligncenter\"><div class=\"kt-image-overlay-wrap kt-over-image-zoomin\"><div class=\"kt-block-intrisic\"><img loading=\"lazy\" decoding=\"async\" src=\"https:\/\/motoguapa.com\/wp-content\/uploads\/2022\/04\/derbi.jpg\" alt=\"\" width=\"1200\" height=\"1200\" class=\"kt-img-overlay wp-image-1085\" srcset=\"\/wp-content\/uploads\/2022\/04\/derbi.jpg 1200w, \/wp-content\/uploads\/2022\/04\/derbi-300x300.jpg 300w, \/wp-content\/uploads\/2022\/04\/derbi-100x100.jpg 100w, \/wp-content\/uploads\/2022\/04\/derbi-600x600.jpg 600w, \/wp-content\/uploads\/2022\/04\/derbi-1024x1024.jpg 1024w, \/wp-content\/uploads\/2022\/04\/derbi-150x150.jpg 150w, \/wp-content\/uploads\/2022\/04\/derbi-768x768.jpg 768w\" sizes=\"(max-width: 1200px) 100vw, 1200px\" \/><div class=\"kt-image-overlay-color-wrapper\" style=\"opacity:0\"><div class=\"kt-image-overlay-color\" style=\"background-color:#ffffff;opacity:0\"><\/div><\/div><a href=\"https:\/\/motoguapa.com\/index.php\/category\/bultaco\/\" class=\"kt-imageoverlay-link\"><div class=\"kt-image-overlay-message kt-over-substyle-visible kt-over-valign-center kt-over-halign-center\" style=\"border-color:rgba(255, 255, 255, 0.8);border-width:0px;left:0px;right:0px;bottom:0px;top:0px\"><div class=\"kt-image-overlay-inner\"><\/div><\/div><\/a><\/div><\/div><\/div>\n<\/div><\/div>\n<\/div><\/div><\/div>\n\n\n\n<div style=\"height:31px\" aria-hidden=\"true\" class=\"wp-block-spacer\"><\/div>\n\n\n<style>#kt-layout-id_775b9a-f0 > .kt-row-column-wrap{align-content:start;}:where(#kt-layout-id_775b9a-f0 > .kt-row-column-wrap) > .wp-block-kadence-column{justify-content:start;}#kt-layout-id_775b9a-f0 > .kt-row-column-wrap{column-gap:var(--global-kb-gap-md, 2rem);row-gap:var(--global-kb-gap-md, 2rem);max-width:var( --global-content-width, 1290px );padding-left:var(--global-content-edge-padding);padding-right:var(--global-content-edge-padding);padding-top:var( --global-kb-row-default-top, 25px );padding-bottom:var( --global-kb-row-default-bottom, 25px );padding-top:var(--global-kb-spacing-sm, 1.5rem);padding-bottom:var(--global-kb-spacing-sm, 1.5rem);grid-template-columns:minmax(0, 1fr);}#kt-layout-id_775b9a-f0 > .kt-row-layout-overlay{opacity:0.30;}#kt-layout-id_775b9a-f0 .kt-row-layout-bottom-sep{height:100px;}#kt-layout-id_775b9a-f0 .kt-row-layout-bottom-sep svg{width:100%;}#kt-layout-id_775b9a-f0 .kt-row-layout-bottom-sep svg{fill:#ffffff!important;}@media all and (max-width: 1024px){#kt-layout-id_775b9a-f0 > .kt-row-column-wrap{grid-template-columns:minmax(0, 1fr);}}@media all and (max-width: 1024px){#kt-layout-id_775b9a-f0 .kt-row-layout-bottom-sep{height:px;}}@media all and (max-width: 1024px){#kt-layout-id_775b9a-f0 .kt-row-layout-bottom-sep svg{width:%;}}@media all and (max-width: 767px){#kt-layout-id_775b9a-f0 > .kt-row-column-wrap{grid-template-columns:minmax(0, 1fr);}#kt-layout-id_775b9a-f0 .kt-row-layout-bottom-sep{height:px;}#kt-layout-id_775b9a-f0 .kt-row-layout-bottom-sep svg{width:%;}}<\/style>\n<div class=\"wp-block-kadence-rowlayout alignnone\"><div id=\"kt-layout-id_775b9a-f0\" class=\"kt-row-layout-inner kt-layout-id_775b9a-f0\"><div class=\"kt-row-column-wrap kt-has-1-columns kt-gutter-default kt-v-gutter-default kt-row-valign-top kt-row-layout-equal kt-tab-layout-inherit kt-m-colapse-left-to-right kt-mobile-layout-row kb-theme-content-width\"><style>.kadence-column_e464cf-52 > .kt-inside-inner-col{border-top-width:0px;border-right-width:0px;border-bottom-width:0px;border-left-width:0px;}.kadence-column_e464cf-52 > .kt-inside-inner-col,.kadence-column_e464cf-52 > .kt-inside-inner-col:before{border-top-left-radius:0px;border-top-right-radius:0px;border-bottom-right-radius:0px;border-bottom-left-radius:0px;}.kadence-column_e464cf-52 > .kt-inside-inner-col{column-gap:var(--global-kb-gap-sm, 1rem);}.kadence-column_e464cf-52 > .kt-inside-inner-col{flex-direction:column;}.kadence-column_e464cf-52 > .kt-inside-inner-col > .aligncenter{width:100%;}.kadence-column_e464cf-52 > .kt-inside-inner-col:before{opacity:0.3;}.kadence-column_e464cf-52{position:relative;}@media all and (max-width: 1024px){.kadence-column_e464cf-52 > .kt-inside-inner-col{flex-direction:column;justify-content:center;}}@media all and (max-width: 767px){.kadence-column_e464cf-52 > .kt-inside-inner-col{flex-direction:column;justify-content:center;}}<\/style>\n<div class=\"wp-block-kadence-column inner-column-1 kadence-column_e464cf-52\"><div class=\"kt-inside-inner-col\">\n<div class=\"wp-block-columns is-layout-flex wp-container-core-columns-is-layout-9d6595d7 wp-block-columns-is-layout-flex\">\n<div class=\"wp-block-column is-layout-flow wp-block-column-is-layout-flow\" style=\"flex-basis:100%\">\n<div class=\"wp-block-group\" style=\"font-size:20px\"><div class=\"wp-block-group__inner-container is-layout-flow wp-block-group-is-layout-flow\">\n<div class=\"wp-block-group is-vertical is-layout-flex wp-container-core-group-is-layout-8cf370e7 wp-block-group-is-layout-flex\">\n<p class=\"has-text-align-left\" style=\"font-size:22px\">Motoguapa es una p\u00e1gina dedicada a la \u00e9poca m\u00e1s brillante del motociclismo en Espa\u00f1a, tanto desde el punto de vista industrial como deportivo, a sus principales fabricantes, a las competiciones que mayor popularidad registraron  y a los pilotos m\u00e1s destacados en todas las disciplinas.<\/p>\n\n\n\n<p class=\"has-text-align-left\" style=\"font-size:22px\">Motoguapa no pertenece a ning\u00fan grupo editorial o medi\u00e1tico nacional o extranjero. Se trata de una iniciativa privada, independiente, no comercial y abierta a todos los aficionados, estudiosos e investigadores que deseen consultarla y\/o realizar aportaciones.<\/p>\n\n\n\n<p class=\"has-text-align-left\" style=\"font-size:22px\">Los contenidos gr\u00e1ficos y escritos pertenecen a sus autores. Las im\u00e1genes llevan la marca de agua de Motoguapa. Se autoriza su reproducci\u00f3n con fines no lucrativos citando siempre la procedencia. Para usos comerciales y profesionales contactar con los administradores de la p\u00e1gina a trav\u00e9s de <strong>info@motoguapa.es<\/strong><\/p>\n<\/div>\n<\/div><\/div>\n<\/div>\n<\/div>\n<\/div><\/div>\n<\/div><\/div><\/div>\n\n\n\n<p><\/p>\n\n\n\n<p><\/p>\n\n\n\n<p><\/p>\n\n\n\n<p><\/p>\n","protected":false},"excerpt":{"rendered":"<p>\u00abIm\u00e1genes que no deben perderse de nuestras motos y de la gente que las hizo posibles\u00bb Motoguapa es una p\u00e1gina dedicada a la \u00e9poca m\u00e1s brillante del motociclismo en Espa\u00f1a, tanto desde el punto de vista industrial como deportivo, a sus principales fabricantes, a las competiciones que mayor popularidad registraron y a los pilotos m\u00e1s&#8230;<\/p>\n","protected":false},"author":1,"featured_media":0,"parent":0,"menu_order":21,"comment_status":"closed","ping_status":"closed","template":"","meta":{"_coblocks_attr":"","_coblocks_dimensions":"","_coblocks_responsive_height":"","_coblocks_accordion_ie_support":"","_monsterinsights_skip_tracking":false,"_monsterinsights_sitenote_active":false,"_monsterinsights_sitenote_note":"","_monsterinsights_sitenote_category":0,"_kad_post_transparent":"","_kad_post_title":"hide","_kad_post_layout":"fullwidth","_kad_post_sidebar_id":"","_kad_post_content_style":"unboxed","_kad_post_vertical_padding":"hide","_kad_post_feature":"hide","_kad_post_feature_position":"","_kad_post_header":false,"_kad_post_footer":false,"_kad_post_classname":"","footnotes":""},"class_list":["post-826","page","type-page","status-publish","hentry"],"_links":{"self":[{"href":"https:\/\/motoguapa.com\/index.php\/wp-json\/wp\/v2\/pages\/826","targetHints":{"allow":["GET"]}}],"collection":[{"href":"https:\/\/motoguapa.com\/index.php\/wp-json\/wp\/v2\/pages"}],"about":[{"href":"https:\/\/motoguapa.com\/index.php\/wp-json\/wp\/v2\/types\/page"}],"author":[{"embeddable":true,"href":"https:\/\/motoguapa.com\/index.php\/wp-json\/wp\/v2\/users\/1"}],"replies":[{"embeddable":true,"href":"https:\/\/motoguapa.com\/index.php\/wp-json\/wp\/v2\/comments?post=826"}],"version-history":[{"count":0,"href":"https:\/\/motoguapa.com\/index.php\/wp-json\/wp\/v2\/pages\/826\/revisions"}],"wp:attachment":[{"href":"https:\/\/motoguapa.com\/index.php\/wp-json\/wp\/v2\/media?parent=826"}],"curies":[{"name":"wp","href":"https:\/\/api.w.org\/{rel}","templated":true}]}}