{"id":6020,"date":"2025-10-20T22:49:41","date_gmt":"2025-10-20T22:49:41","guid":{"rendered":"https:\/\/motoguapa.com\/?page_id=6020"},"modified":"2026-01-19T14:32:50","modified_gmt":"2026-01-19T14:32:50","slug":"webs","status":"publish","type":"page","link":"https:\/\/motoguapa.com\/index.php\/webs\/","title":{"rendered":"Webs"},"content":{"rendered":"\n<div class=\"wp-block-columns is-layout-flex wp-container-core-columns-is-layout-9d6595d7 wp-block-columns-is-layout-flex\">\n<div class=\"wp-block-column is-layout-flow wp-block-column-is-layout-flow\"><div class=\"wp-block-image\">\n<figure class=\"aligncenter size-full is-resized has-lightbox\"><a href=\"https:\/\/lamaneta.com\" target=\"_blank\" rel=\"noopener\"><img fetchpriority=\"high\" decoding=\"async\" width=\"900\" height=\"900\" src=\"https:\/\/motoguapa.com\/wp-content\/uploads\/2025\/10\/LAMANETA.jpg\" alt=\"\" class=\"wp-image-6023\" style=\"width:235px;height:auto\" srcset=\"\/wp-content\/uploads\/2025\/10\/LAMANETA.jpg 900w, \/wp-content\/uploads\/2025\/10\/LAMANETA-300x300.jpg 300w, \/wp-content\/uploads\/2025\/10\/LAMANETA-150x150.jpg 150w, \/wp-content\/uploads\/2025\/10\/LAMANETA-768x768.jpg 768w\" sizes=\"(max-width: 900px) 100vw, 900px\" \/><\/a><\/figure>\n<\/div>\n\n\n<h4 class=\"wp-block-heading has-text-align-center\"><strong>www.lamaneta.com<\/strong><\/h4>\n\n\n\n<p class=\"has-text-align-center\">E<strong>specialista en motos cl\u00e1sicas<\/strong><\/p>\n<\/div>\n\n\n\n<div class=\"wp-block-column is-layout-flow wp-block-column-is-layout-flow\"><div class=\"wp-block-image\">\n<figure class=\"aligncenter size-full is-resized has-lightbox\"><a href=\"https:\/\/vitalemaquinas.com\" target=\"_blank\" rel=\"noopener\"><img decoding=\"async\" width=\"474\" height=\"394\" src=\"https:\/\/motoguapa.com\/wp-content\/uploads\/2025\/10\/Vitale.webp\" alt=\"\" class=\"wp-image-6021\" style=\"width:259px;height:auto\" srcset=\"\/wp-content\/uploads\/2025\/10\/Vitale.webp 474w, \/wp-content\/uploads\/2025\/10\/Vitale-300x249.webp 300w\" sizes=\"(max-width: 474px) 100vw, 474px\" \/><\/a><\/figure>\n<\/div>\n\n\n<h4 class=\"wp-block-heading has-text-align-center\"><strong>www.vitalemaquinas.com<\/strong><\/h4>\n\n\n\n<p class=\"has-text-align-center\">E<strong>specialista en restauraci\u00f3n de motocicletas<br>espa\u00f1olas<\/strong><\/p>\n<\/div>\n\n\n\n<div class=\"wp-block-column is-layout-flow wp-block-column-is-layout-flow\">\n<h4 class=\"wp-block-heading has-text-align-center\"><\/h4>\n\n\n\n<p><\/p>\n\n\n<div class=\"wp-block-image\">\n<figure class=\"aligncenter size-large has-lightbox\"><a href=\"https:\/\/todotrial.com\" target=\"_blank\" rel=\"noopener\"><img decoding=\"async\" width=\"1024\" height=\"142\" src=\"https:\/\/motoguapa.com\/wp-content\/uploads\/2025\/10\/Todotrial-1024x142.png\" alt=\"\" class=\"wp-image-6022\" srcset=\"\/wp-content\/uploads\/2025\/10\/Todotrial-1024x142.png 1024w, \/wp-content\/uploads\/2025\/10\/Todotrial-300x41.png 300w, \/wp-content\/uploads\/2025\/10\/Todotrial-768x106.png 768w, \/wp-content\/uploads\/2025\/10\/Todotrial.png 1194w\" sizes=\"(max-width: 1024px) 100vw, 1024px\" \/><\/a><\/figure>\n<\/div>\n\n\n<p><mark style=\"background-color:rgba(0, 0, 0, 0)\" class=\"has-inline-color has-theme-palette-9-color\">.<\/mark><\/p>\n\n\n\n<h4 class=\"wp-block-heading has-text-align-center\"><strong>www.todotrial.com<\/strong><\/h4>\n\n\n\n<p class=\"has-text-align-center\"><strong>Especialista en trial<\/strong><\/p>\n<\/div>\n<\/div>\n\n\n\n<div class=\"wp-block-columns is-layout-flex wp-container-core-columns-is-layout-9d6595d7 wp-block-columns-is-layout-flex\">\n<div class=\"wp-block-column is-layout-flow wp-block-column-is-layout-flow\"><div class=\"wp-block-image\">\n<figure class=\"aligncenter size-full is-resized has-lightbox\"><img loading=\"lazy\" decoding=\"async\" width=\"800\" height=\"214\" src=\"https:\/\/motoguapa.com\/wp-content\/uploads\/2026\/01\/28bsd0.jpg\" alt=\"\" class=\"wp-image-6122\" style=\"width:235px;height:auto\" srcset=\"\/wp-content\/uploads\/2026\/01\/28bsd0.jpg 800w, \/wp-content\/uploads\/2026\/01\/28bsd0-300x80.jpg 300w, \/wp-content\/uploads\/2026\/01\/28bsd0-768x205.jpg 768w\" sizes=\"(max-width: 800px) 100vw, 800px\" \/><\/figure>\n<\/div>\n\n\n<h4 class=\"wp-block-heading has-text-align-center\"><a href=\"https:\/\/nacho247.blogspot.com\/\" target=\"_blank\" rel=\"noopener\">Mec\u00e1nica de MONTESA Cota<\/a><\/h4>\n\n\n\n<p class=\"has-text-align-center\"><strong>Dedicado a las motocicletas cl\u00e1sicas de trial<br>Montesa Cota<\/strong><\/p>\n\n\n\n<p class=\"has-text-align-center\"><\/p>\n<\/div>\n\n\n\n<div class=\"wp-block-column is-layout-flow wp-block-column-is-layout-flow\">\n<h4 class=\"wp-block-heading has-text-align-center\"><\/h4>\n\n\n\n<p class=\"has-text-align-center\"><\/p>\n<\/div>\n\n\n\n<div class=\"wp-block-column is-layout-flow wp-block-column-is-layout-flow\">\n<h4 class=\"wp-block-heading has-text-align-center\"><\/h4>\n\n\n\n<p><\/p>\n\n\n\n<p><mark style=\"background-color:rgba(0, 0, 0, 0)\" class=\"has-inline-color has-theme-palette-9-color\">.<\/mark><\/p>\n\n\n\n<h4 class=\"wp-block-heading has-text-align-center\"><\/h4>\n\n\n\n<p class=\"has-text-align-center\"><\/p>\n<\/div>\n<\/div>\n\n\n\n<p><\/p>\n","protected":false},"excerpt":{"rendered":"<p>www.lamaneta.com Especialista en motos cl\u00e1sicas www.vitalemaquinas.com Especialista en restauraci\u00f3n de motocicletasespa\u00f1olas . www.todotrial.com Especialista en trial Mec\u00e1nica de MONTESA Cota Dedicado a las motocicletas cl\u00e1sicas de trialMontesa Cota .<\/p>\n","protected":false},"author":3,"featured_media":0,"parent":0,"menu_order":0,"comment_status":"closed","ping_status":"closed","template":"","meta":{"_coblocks_attr":"","_coblocks_dimensions":"","_coblocks_responsive_height":"","_coblocks_accordion_ie_support":"","_monsterinsights_skip_tracking":false,"_monsterinsights_sitenote_active":false,"_monsterinsights_sitenote_note":"","_monsterinsights_sitenote_category":0,"_kad_post_transparent":"","_kad_post_title":"","_kad_post_layout":"","_kad_post_sidebar_id":"","_kad_post_content_style":"","_kad_post_vertical_padding":"","_kad_post_feature":"","_kad_post_feature_position":"","_kad_post_header":false,"_kad_post_footer":false,"_kad_post_classname":"","footnotes":""},"class_list":["post-6020","page","type-page","status-publish","hentry"],"_links":{"self":[{"href":"https:\/\/motoguapa.com\/index.php\/wp-json\/wp\/v2\/pages\/6020","targetHints":{"allow":["GET"]}}],"collection":[{"href":"https:\/\/motoguapa.com\/index.php\/wp-json\/wp\/v2\/pages"}],"about":[{"href":"https:\/\/motoguapa.com\/index.php\/wp-json\/wp\/v2\/types\/page"}],"author":[{"embeddable":true,"href":"https:\/\/motoguapa.com\/index.php\/wp-json\/wp\/v2\/users\/3"}],"replies":[{"embeddable":true,"href":"https:\/\/motoguapa.com\/index.php\/wp-json\/wp\/v2\/comments?post=6020"}],"version-history":[{"count":11,"href":"https:\/\/motoguapa.com\/index.php\/wp-json\/wp\/v2\/pages\/6020\/revisions"}],"predecessor-version":[{"id":6123,"href":"https:\/\/motoguapa.com\/index.php\/wp-json\/wp\/v2\/pages\/6020\/revisions\/6123"}],"wp:attachment":[{"href":"https:\/\/motoguapa.com\/index.php\/wp-json\/wp\/v2\/media?parent=6020"}],"curies":[{"name":"wp","href":"https:\/\/api.w.org\/{rel}","templated":true}]}}