{"id":4317,"date":"2022-11-10T08:44:27","date_gmt":"2022-11-10T08:44:27","guid":{"rendered":"https:\/\/motoguapa.com\/?page_id=4317"},"modified":"2022-11-18T16:54:36","modified_gmt":"2022-11-18T16:54:36","slug":"ilustraciones","status":"publish","type":"page","link":"https:\/\/motoguapa.com\/index.php\/ilustraciones\/","title":{"rendered":"Ilustraciones"},"content":{"rendered":"\n<p>Durante m\u00e1s de treinta a\u00f1os, Miquel Graells se dedic\u00f3 profesionalmente a la ilustraci\u00f3n como dibujante y pintor, y firm\u00f3 cientos, tal vez miles, de retratos y caricaturas de todo tipo. A partir de su relaci\u00f3n con la web La Maneta empezar\u00eda a crear una serie de obras dedicadas al mundo de la moto. Esta secci\u00f3n muestra algunas de ellas.<\/p>\n\n\n\n<p>\u201cHe reunido dibujo e infografia en un solo apartado\u201d, dice el artista. \u201cTodo se ha logrado realizar con las mismas herramientas, algo impensable hace unos pocos a\u00f1os: un ordenador personal, una tableta gr\u00e1fica y mucha paciencia (\u2026). El resultado final siempre depender\u00e1 de la calidad de la fotograf\u00eda original.\u201d Tambi\u00e9n se incluyen una decena de ilustraciones tipo <em>escudo<\/em> con la imagen de diversos pilotos \u201cque se realizaron con el objetivo de estampar camisetas\u201d.<br><br>En las caricaturas se refleja la influencia del estilo de Christian Debarre y Stephane Deteindre, autores del popular comic <em>Joe Bar Team<\/em> de tem\u00e1tica motera. Entre los personajes podemos reconocer a figuras hist\u00f3ricas como Francisco X. Bult\u00f3, Josep M. Busquets, Angel Nieto, Santiago Herreros o Mick Andrews. Hay algunos divertidos retratos de pilotos del mundial de velocidad y de trial, sobre todo de inicios de siglo XXI pero tambi\u00e9n anteriores.<\/p>\n\n\n\n<p>Todas las obras son propiedad de su autor. Su reproducci\u00f3n por cualquier medio digital o f\u00edsico est\u00e1 totalmente prohibida sin autorizaci\u00f3n previa del mismo. Para obtener una copia en formato TIFF a alta resoluci\u00f3n de cualquiera una de ellas, contactar directamente con los administradores de la web a trav\u00e9s del email <a href=\"mailto:ino@motogupapa\">info@motoguapa.es<\/a><\/p>\n\n\n\n<p><em>Fuente: Miquel Graells<\/em><\/p>\n\n\n\n<p><\/p>\n\n\n\n<div class=\"wp-block-columns is-layout-flex wp-container-core-columns-is-layout-9d6595d7 wp-block-columns-is-layout-flex\">\n<div class=\"wp-block-column is-layout-flow wp-block-column-is-layout-flow\" style=\"flex-basis:50%\"><style>.kb-image_27f781-b6 .kb-image-has-overlay:after{opacity:0.3;}<\/style>\n<figure class=\"wp-block-kadence-image kb-image_27f781-b6 size-full kb-image-is-ratio-size\"><a href=\"https:\/\/motoguapa.com\/index.php\/2022\/11\/09\/ilustraciones\/\" class=\"kb-advanced-image-link\"><div class=\"kb-is-ratio-image kb-image-ratio-square\"><img fetchpriority=\"high\" decoding=\"async\" width=\"400\" height=\"400\" src=\"https:\/\/motoguapa.com\/wp-content\/uploads\/2022\/11\/Bultacomontjuic.jpg\" alt=\"\" class=\"kb-img wp-image-4080\" srcset=\"\/wp-content\/uploads\/2022\/11\/Bultacomontjuic.jpg 400w, \/wp-content\/uploads\/2022\/11\/Bultacomontjuic-300x300.jpg 300w, \/wp-content\/uploads\/2022\/11\/Bultacomontjuic-150x150.jpg 150w\" sizes=\"(max-width: 400px) 100vw, 400px\" \/><\/div><\/a><figcaption><strong>Caricaturas<\/strong><\/figcaption><\/figure>\n<\/div>\n\n\n\n<div class=\"wp-block-column is-layout-flow wp-block-column-is-layout-flow\" style=\"flex-basis:50%\"><style>.kb-image_029649-69 .kb-image-has-overlay:after{opacity:0.3;}<\/style>\n<figure class=\"wp-block-kadence-image kb-image_029649-69 size-full kb-image-is-ratio-size\"><div class=\"kb-is-ratio-image kb-image-ratio-square\"><img decoding=\"async\" width=\"450\" height=\"451\" src=\"https:\/\/motoguapa.com\/wp-content\/uploads\/2022\/11\/Ramon-Torras-Bultaco-P.jpeg\" alt=\"\" class=\"kb-img wp-image-3979\" srcset=\"\/wp-content\/uploads\/2022\/11\/Ramon-Torras-Bultaco-P.jpeg 450w, \/wp-content\/uploads\/2022\/11\/Ramon-Torras-Bultaco-P-300x300.jpeg 300w, \/wp-content\/uploads\/2022\/11\/Ramon-Torras-Bultaco-P-150x150.jpeg 150w\" sizes=\"(max-width: 450px) 100vw, 450px\" \/><\/div><figcaption><strong>Dibujos<\/strong><\/figcaption><\/figure>\n<\/div>\n<\/div>\n","protected":false},"excerpt":{"rendered":"<p>Durante m\u00e1s de treinta a\u00f1os, Miquel Graells se dedic\u00f3 profesionalmente a la ilustraci\u00f3n como dibujante y pintor, y firm\u00f3 cientos, tal vez miles, de retratos y caricaturas de todo tipo. A partir de su relaci\u00f3n con la web La Maneta empezar\u00eda a crear una serie de obras dedicadas al mundo de la moto. Esta secci\u00f3n&#8230;<\/p>\n","protected":false},"author":1,"featured_media":4080,"parent":0,"menu_order":0,"comment_status":"closed","ping_status":"closed","template":"","meta":{"_coblocks_attr":"","_coblocks_dimensions":"","_coblocks_responsive_height":"","_coblocks_accordion_ie_support":"","_monsterinsights_skip_tracking":false,"_monsterinsights_sitenote_active":false,"_monsterinsights_sitenote_note":"","_monsterinsights_sitenote_category":0,"_kad_post_transparent":"","_kad_post_title":"","_kad_post_layout":"","_kad_post_sidebar_id":"","_kad_post_content_style":"","_kad_post_vertical_padding":"","_kad_post_feature":"","_kad_post_feature_position":"","_kad_post_header":false,"_kad_post_footer":false,"_kad_post_classname":"","footnotes":""},"class_list":["post-4317","page","type-page","status-publish","has-post-thumbnail","hentry"],"_links":{"self":[{"href":"https:\/\/motoguapa.com\/index.php\/wp-json\/wp\/v2\/pages\/4317","targetHints":{"allow":["GET"]}}],"collection":[{"href":"https:\/\/motoguapa.com\/index.php\/wp-json\/wp\/v2\/pages"}],"about":[{"href":"https:\/\/motoguapa.com\/index.php\/wp-json\/wp\/v2\/types\/page"}],"author":[{"embeddable":true,"href":"https:\/\/motoguapa.com\/index.php\/wp-json\/wp\/v2\/users\/1"}],"replies":[{"embeddable":true,"href":"https:\/\/motoguapa.com\/index.php\/wp-json\/wp\/v2\/comments?post=4317"}],"version-history":[{"count":2,"href":"https:\/\/motoguapa.com\/index.php\/wp-json\/wp\/v2\/pages\/4317\/revisions"}],"predecessor-version":[{"id":4419,"href":"https:\/\/motoguapa.com\/index.php\/wp-json\/wp\/v2\/pages\/4317\/revisions\/4419"}],"wp:featuredmedia":[{"embeddable":true,"href":"https:\/\/motoguapa.com\/index.php\/wp-json\/wp\/v2\/media\/4080"}],"wp:attachment":[{"href":"https:\/\/motoguapa.com\/index.php\/wp-json\/wp\/v2\/media?parent=4317"}],"curies":[{"name":"wp","href":"https:\/\/api.w.org\/{rel}","templated":true}]}}