{"id":1499,"date":"2022-04-30T16:43:30","date_gmt":"2022-04-30T16:43:30","guid":{"rendered":"https:\/\/motoguapa.com\/?page_id=1499"},"modified":"2022-11-18T10:43:48","modified_gmt":"2022-11-18T10:43:48","slug":"motocatalogos","status":"publish","type":"page","link":"https:\/\/motoguapa.com\/index.php\/motocatalogos\/","title":{"rendered":"Motocat\u00e1logos"},"content":{"rendered":"\n<p>En los a\u00f1os 60 del siglo XX, cuando la informaci\u00f3n no circulaba con la fluidez actual e internet ni siquiera cab\u00eda en nuestra imaginaci\u00f3n, las revistas y los cat\u00e1logos oficiales eran la \u00fanica v\u00eda para conocer las caracter\u00edsticas de las motos disponibles en el mercado. Aunque ya exist\u00eda en otros pa\u00edses, en Espa\u00f1a fue la revista <em>Motociclismo<\/em>, entonces de periodicidad mensual, la que dio el paso para sistematizar estos datos anualmente y de forma ordenada.<\/p>\n\n\n\n<p>Los Motocat\u00e1logos que publicaba principio de a\u00f1o permit\u00edan tener una panor\u00e1mica completa de la producci\u00f3n nacional, con una ficha de caracter\u00edsticas t\u00e9cnicas de cada modelo junto a la foto. Cuando guardar colecciones completas de <em>Motociclismo<\/em> ya no es tan habitual como hace alg\u00fan tiempo, disponer de todos los Motocat\u00e1logos de las d\u00e9cadas de los 60, 70 y 80 digitalizados y accesibles en esta secci\u00f3n puede resultar de gran ayuda para los aficionados.<\/p>\n\n\n\n<p>Tambi\u00e9n reproducimos una serie de Motocat\u00e1logos publicados entre mediados de los 70 y los 80 por la edici\u00f3n italiana de <em>Motociclismo<\/em> (m\u00e1s dos del mensual <em>La Moto<\/em>), en los apartados que dedican a las marcas espa\u00f1olas y sus modelos para el mercado europeo. En alg\u00fan caso, sus caracter\u00edsticas t\u00e9cnicas pueden presentar ligeras diferencias respecto a las de los modelos que se vend\u00edan normalmente en Espa\u00f1a, por lo cual ofrecen un valor informativo complementario.&nbsp;<\/p>\n\n\n\n<p><em>Fuentes: archivos Manuel Garriga, Miquel Graells, Tomeu Pascual&nbsp; y otros<\/em>.<\/p>\n\n\n<style>#kt-layout-id_3bfa59-44 > .kt-row-column-wrap{align-content:start;}:where(#kt-layout-id_3bfa59-44 > .kt-row-column-wrap) > .wp-block-kadence-column{justify-content:start;}#kt-layout-id_3bfa59-44 > .kt-row-column-wrap{column-gap:var(--global-kb-gap-md, 2rem);row-gap:var(--global-kb-gap-md, 2rem);max-width:var( --global-content-width, 1290px );padding-left:var(--global-content-edge-padding);padding-right:var(--global-content-edge-padding);padding-top:var( --global-kb-row-default-top, 25px );padding-bottom:var( --global-kb-row-default-bottom, 25px );padding-top:var(--global-kb-spacing-sm, 1.5rem);padding-bottom:var(--global-kb-spacing-sm, 1.5rem);grid-template-columns:repeat(2, minmax(0, 1fr));}#kt-layout-id_3bfa59-44 > .kt-row-layout-overlay{opacity:0.30;}@media all and (max-width: 1024px){#kt-layout-id_3bfa59-44 > .kt-row-column-wrap{grid-template-columns:repeat(2, minmax(0, 1fr));}}@media all and (max-width: 767px){#kt-layout-id_3bfa59-44 > .kt-row-column-wrap{grid-template-columns:minmax(0, 1fr);}}<\/style>\n<div class=\"wp-block-kadence-rowlayout alignnone\"><div id=\"kt-layout-id_3bfa59-44\" class=\"kt-row-layout-inner kt-layout-id_3bfa59-44\"><div class=\"kt-row-column-wrap kt-has-2-columns kt-gutter-default kt-v-gutter-default kt-row-valign-top kt-row-layout-equal kt-tab-layout-inherit kt-m-colapse-left-to-right kt-mobile-layout-row kb-theme-content-width\"><style>.kadence-column_e464cf-52 > .kt-inside-inner-col{min-height:0px;border-top-width:0px;border-right-width:0px;border-bottom-width:0px;border-left-width:0px;}.kadence-column_e464cf-52 > .kt-inside-inner-col,.kadence-column_e464cf-52 > .kt-inside-inner-col:before{border-top-left-radius:0px;border-top-right-radius:0px;border-bottom-right-radius:0px;border-bottom-left-radius:0px;}.kadence-column_e464cf-52 > .kt-inside-inner-col{column-gap:var(--global-kb-gap-sm, 1rem);}.kadence-column_e464cf-52 > .kt-inside-inner-col{flex-direction:column;}.kadence-column_e464cf-52 > .kt-inside-inner-col > .aligncenter{width:100%;}.kadence-column_e464cf-52 > .kt-inside-inner-col:before{opacity:0.3;}.kadence-column_e464cf-52{text-align:center;}.kadence-column_e464cf-52{position:relative;}@media all and (max-width: 1024px){.kadence-column_e464cf-52 > .kt-inside-inner-col{flex-direction:column;justify-content:center;}}@media all and (max-width: 767px){.kadence-column_e464cf-52 > .kt-inside-inner-col{flex-direction:column;justify-content:center;}}<\/style>\n<div class=\"wp-block-kadence-column inner-column-1 kadence-column_e464cf-52\"><div class=\"kt-inside-inner-col\"><style>.kb-image_35a8dc-04 .kb-image-has-overlay:after{opacity:0.3;}<\/style>\n<figure class=\"wp-block-kadence-image kb-image_35a8dc-04 size-full kb-image-is-ratio-size\"><a href=\"https:\/\/motoguapa.com\/index.php\/gallery-album\/espana\/\" class=\"kb-advanced-image-link\"><div class=\"kb-is-ratio-image kb-image-ratio-port34\"><img fetchpriority=\"high\" decoding=\"async\" width=\"927\" height=\"1200\" src=\"https:\/\/motoguapa.com\/wp-content\/uploads\/2022\/09\/68000.gif\" alt=\"\" class=\"kb-img wp-image-1821\"\/><\/div><\/a><\/figure>\n\n\n<style>.wp-block-kadence-advancedheading.kt-adv-heading_85798b-91, .wp-block-kadence-advancedheading.kt-adv-heading_85798b-91[data-kb-block=\"kb-adv-heading_85798b-91\"]{margin-top:0px;margin-bottom:10px;text-align:center;font-size:24px;line-height:40px;font-weight:500;font-style:normal;}.wp-block-kadence-advancedheading.kt-adv-heading_85798b-91 mark.kt-highlight, .wp-block-kadence-advancedheading.kt-adv-heading_85798b-91[data-kb-block=\"kb-adv-heading_85798b-91\"] mark.kt-highlight{font-style:normal;color:#f76a0c;-webkit-box-decoration-break:clone;box-decoration-break:clone;padding-top:0px;padding-right:0px;padding-bottom:0px;padding-left:0px;}.wp-block-kadence-advancedheading.kt-adv-heading_85798b-91 img.kb-inline-image, .wp-block-kadence-advancedheading.kt-adv-heading_85798b-91[data-kb-block=\"kb-adv-heading_85798b-91\"] img.kb-inline-image{width:150px;vertical-align:baseline;}<\/style>\n<h4 class=\"kt-adv-heading_85798b-91 wp-block-kadence-advancedheading\" data-kb-block=\"kb-adv-heading_85798b-91\"><strong>Espa\u00f1a<\/strong><\/h4>\n<\/div><\/div>\n\n\n<style>.kadence-column_e88f85-a4 > .kt-inside-inner-col{border-top-width:0px;border-right-width:0px;border-bottom-width:0px;border-left-width:0px;}.kadence-column_e88f85-a4 > .kt-inside-inner-col,.kadence-column_e88f85-a4 > .kt-inside-inner-col:before{border-top-left-radius:0px;border-top-right-radius:0px;border-bottom-right-radius:0px;border-bottom-left-radius:0px;}.kadence-column_e88f85-a4 > .kt-inside-inner-col{column-gap:var(--global-kb-gap-sm, 1rem);}.kadence-column_e88f85-a4 > .kt-inside-inner-col{flex-direction:column;}.kadence-column_e88f85-a4 > .kt-inside-inner-col > .aligncenter{width:100%;}.kadence-column_e88f85-a4 > .kt-inside-inner-col:before{opacity:0.3;}.kadence-column_e88f85-a4{position:relative;}@media all and (max-width: 1024px){.kadence-column_e88f85-a4 > .kt-inside-inner-col{flex-direction:column;justify-content:center;}}@media all and (max-width: 767px){.kadence-column_e88f85-a4 > .kt-inside-inner-col{flex-direction:column;justify-content:center;}}<\/style>\n<div class=\"wp-block-kadence-column inner-column-2 kadence-column_e88f85-a4\"><div class=\"kt-inside-inner-col\"><style>.kb-image_6cfc97-f8 .kb-image-has-overlay:after{opacity:0.3;}<\/style>\n<figure class=\"wp-block-kadence-image kb-image_6cfc97-f8 kb-image-is-ratio-size\"><a href=\"https:\/\/motoguapa.com\/index.php\/gallery-album\/italia\/\" class=\"kb-advanced-image-link\"><div class=\"kb-is-ratio-image kb-image-ratio-port34\"><img decoding=\"async\" width=\"1139\" height=\"1600\" src=\"https:\/\/motoguapa.com\/wp-content\/uploads\/2022\/11\/01-10.jpeg\" alt=\"\" class=\"kb-img wp-image-2769\" srcset=\"\/wp-content\/uploads\/2022\/11\/01-10.jpeg 1139w, \/wp-content\/uploads\/2022\/11\/01-10-214x300.jpeg 214w, \/wp-content\/uploads\/2022\/11\/01-10-729x1024.jpeg 729w, \/wp-content\/uploads\/2022\/11\/01-10-768x1079.jpeg 768w, \/wp-content\/uploads\/2022\/11\/01-10-1093x1536.jpeg 1093w, \/wp-content\/uploads\/2022\/11\/01-10-600x842.jpeg 600w, \/wp-content\/uploads\/2022\/11\/01-10-300x421.jpeg 300w\" sizes=\"(max-width: 1139px) 100vw, 1139px\" \/><\/div><\/a><\/figure>\n\n\n<style>.wp-block-kadence-advancedheading.kt-adv-heading_0493cf-16, .wp-block-kadence-advancedheading.kt-adv-heading_0493cf-16[data-kb-block=\"kb-adv-heading_0493cf-16\"]{margin-top:0px;margin-bottom:10px;text-align:center;font-size:24px;line-height:40px;font-weight:500;font-style:normal;}.wp-block-kadence-advancedheading.kt-adv-heading_0493cf-16 mark.kt-highlight, .wp-block-kadence-advancedheading.kt-adv-heading_0493cf-16[data-kb-block=\"kb-adv-heading_0493cf-16\"] mark.kt-highlight{font-style:normal;color:#f76a0c;-webkit-box-decoration-break:clone;box-decoration-break:clone;padding-top:0px;padding-right:0px;padding-bottom:0px;padding-left:0px;}.wp-block-kadence-advancedheading.kt-adv-heading_0493cf-16 img.kb-inline-image, .wp-block-kadence-advancedheading.kt-adv-heading_0493cf-16[data-kb-block=\"kb-adv-heading_0493cf-16\"] img.kb-inline-image{width:150px;vertical-align:baseline;}<\/style>\n<h4 class=\"kt-adv-heading_0493cf-16 wp-block-kadence-advancedheading\" data-kb-block=\"kb-adv-heading_0493cf-16\"><strong>Italia<\/strong><\/h4>\n<\/div><\/div>\n<\/div><\/div><\/div>\n\n\n\n<p><\/p>\n","protected":false},"excerpt":{"rendered":"<p>En los a\u00f1os 60 del siglo XX, cuando la informaci\u00f3n no circulaba con la fluidez actual e internet ni siquiera cab\u00eda en nuestra imaginaci\u00f3n, las revistas y los cat\u00e1logos oficiales eran la \u00fanica v\u00eda para conocer las caracter\u00edsticas de las motos disponibles en el mercado. Aunque ya exist\u00eda en otros pa\u00edses, en Espa\u00f1a fue la&#8230;<\/p>\n","protected":false},"author":1,"featured_media":2109,"parent":0,"menu_order":7,"comment_status":"closed","ping_status":"closed","template":"","meta":{"_coblocks_attr":"","_coblocks_dimensions":"","_coblocks_responsive_height":"","_coblocks_accordion_ie_support":"","_monsterinsights_skip_tracking":false,"_monsterinsights_sitenote_active":false,"_monsterinsights_sitenote_note":"","_monsterinsights_sitenote_category":0,"_kad_post_transparent":"","_kad_post_title":"","_kad_post_layout":"default","_kad_post_sidebar_id":"","_kad_post_content_style":"default","_kad_post_vertical_padding":"","_kad_post_feature":"default","_kad_post_feature_position":"","_kad_post_header":false,"_kad_post_footer":false,"_kad_post_classname":"","footnotes":""},"class_list":["post-1499","page","type-page","status-publish","has-post-thumbnail","hentry"],"_links":{"self":[{"href":"https:\/\/motoguapa.com\/index.php\/wp-json\/wp\/v2\/pages\/1499","targetHints":{"allow":["GET"]}}],"collection":[{"href":"https:\/\/motoguapa.com\/index.php\/wp-json\/wp\/v2\/pages"}],"about":[{"href":"https:\/\/motoguapa.com\/index.php\/wp-json\/wp\/v2\/types\/page"}],"author":[{"embeddable":true,"href":"https:\/\/motoguapa.com\/index.php\/wp-json\/wp\/v2\/users\/1"}],"replies":[{"embeddable":true,"href":"https:\/\/motoguapa.com\/index.php\/wp-json\/wp\/v2\/comments?post=1499"}],"version-history":[{"count":1,"href":"https:\/\/motoguapa.com\/index.php\/wp-json\/wp\/v2\/pages\/1499\/revisions"}],"predecessor-version":[{"id":4402,"href":"https:\/\/motoguapa.com\/index.php\/wp-json\/wp\/v2\/pages\/1499\/revisions\/4402"}],"wp:featuredmedia":[{"embeddable":true,"href":"https:\/\/motoguapa.com\/index.php\/wp-json\/wp\/v2\/media\/2109"}],"wp:attachment":[{"href":"https:\/\/motoguapa.com\/index.php\/wp-json\/wp\/v2\/media?parent=1499"}],"curies":[{"name":"wp","href":"https:\/\/api.w.org\/{rel}","templated":true}]}}