{"id":1497,"date":"2022-04-30T16:43:02","date_gmt":"2022-04-30T16:43:02","guid":{"rendered":"https:\/\/motoguapa.com\/?page_id=1497"},"modified":"2023-05-24T17:43:26","modified_gmt":"2023-05-24T17:43:26","slug":"fotografia","status":"publish","type":"page","link":"https:\/\/motoguapa.com\/index.php\/fotografia\/","title":{"rendered":"Fotograf\u00eda"},"content":{"rendered":"\n<p>El fondo fotogr\u00e1fico de Motoguapa est\u00e1 compuesto por centenares de fotograf\u00edas en b\/n y color, muchas de ellas originales cedidas por sus propios autores (Galer\u00edas) o bien sacadas de las colecciones personales de diversos pilotos, coleccionistas y aficionados (Albumes).  La mayor\u00eda son obra de unos fot\u00f3grafos amateurs cuyo nivel de calidad podr\u00eda rivalizar con el de no pocos profesionales, aunque ninguno de ellos las realiz\u00f3 pensando en que alg\u00fan d\u00eda ser\u00edan publicadas.  En cualquier caso, lo importante para nuestro prop\u00f3sito no es tanto la calidad en s\u00ed de las im\u00e1genes sino sobre todo su inter\u00e9s hist\u00f3rico, su valor informativo como fuente para identificar y datar nombres, fechas, lugares, etc. <\/p>\n\n\n\n<p>La secci\u00f3n est\u00e1 actualmente incompleta, pendiente de recibir los contenidos gr\u00e1ficos siguiendo una distribuci\u00f3n similar a la utilizada en la antigua versi\u00f3n de Motoguapa. Dado el ingente n\u00famero de fotograf\u00edas a incorporar y los diversos apartados de que consta cada galer\u00eda (marcas, pilotos, carreras, etc), terminar la labor de puesta al d\u00eda todav\u00eda requerir\u00e1 cierto tiempo. Si se consigue alg\u00fan tipo de colaboraci\u00f3n para realizarla (actualmente recae en una sola persona) es bien plausible que la secci\u00f3n quede actualizada en un plazo m\u00e1s breve.<\/p>\n\n\n\n<div class=\"wp-block-columns is-layout-flex wp-container-core-columns-is-layout-9d6595d7 wp-block-columns-is-layout-flex\">\n<div class=\"wp-block-column is-layout-flow wp-block-column-is-layout-flow\">\n<h1 class=\"wp-block-heading has-text-align-center has--font-size\">Galer\u00edas<\/h1>\n\n\n\n<figure class=\"wp-block-image size-full\"><img fetchpriority=\"high\" decoding=\"async\" width=\"1024\" height=\"686\" src=\"https:\/\/motoguapa.com\/wp-content\/uploads\/2023\/05\/image.png\" alt=\"\" class=\"wp-image-5609\" srcset=\"\/wp-content\/uploads\/2023\/05\/image.png 1024w, \/wp-content\/uploads\/2023\/05\/image-300x201.png 300w, \/wp-content\/uploads\/2023\/05\/image-768x515.png 768w\" sizes=\"(max-width: 1024px) 100vw, 1024px\" \/><\/figure>\n\n\n<style>.wp-block-kadence-advancedheading.kt-adv-heading_c253ea-08, .wp-block-kadence-advancedheading.kt-adv-heading_c253ea-08[data-kb-block=\"kb-adv-heading_c253ea-08\"]{margin-top:0px;margin-bottom:10px;text-align:center;font-size:24px;font-weight:500;font-style:normal;}.wp-block-kadence-advancedheading.kt-adv-heading_c253ea-08 mark.kt-highlight, .wp-block-kadence-advancedheading.kt-adv-heading_c253ea-08[data-kb-block=\"kb-adv-heading_c253ea-08\"] mark.kt-highlight{font-style:normal;color:#f76a0c;-webkit-box-decoration-break:clone;box-decoration-break:clone;padding-top:0px;padding-right:0px;padding-bottom:0px;padding-left:0px;}.wp-block-kadence-advancedheading.kt-adv-heading_c253ea-08 img.kb-inline-image, .wp-block-kadence-advancedheading.kt-adv-heading_c253ea-08[data-kb-block=\"kb-adv-heading_c253ea-08\"] img.kb-inline-image{width:150px;vertical-align:baseline;}<\/style>\n<h4 class=\"kt-adv-heading_c253ea-08 wp-block-kadence-advancedheading\" data-kb-block=\"kb-adv-heading_c253ea-08\"><strong>Jaime Barrig\u00e1<\/strong><\/h4>\n\n\n\n<div style=\"height:26px\" aria-hidden=\"true\" class=\"wp-block-spacer\"><\/div>\n\n\n<style>.kb-image_a62ab9-8e .kb-image-has-overlay:after{opacity:0.3;}.kb-image_a62ab9-8e img.kb-img, .kb-image_a62ab9-8e .kb-img img{box-shadow:0px 0px 14px 0px rgba(0, 0, 0, 0.2);filter:drop-shadow(0px 0px 14px rgba(0, 0, 0, 0.2));}<\/style>\n<figure class=\"wp-block-kadence-image kb-image_a62ab9-8e size-full kb-image-is-ratio-size\"><div class=\"kb-is-ratio-image kb-image-ratio-land32\"><img decoding=\"async\" width=\"800\" height=\"510\" src=\"https:\/\/motoguapa.com\/wp-content\/uploads\/2023\/05\/7155a473a9614d9a9df5374d6eaecea2.jpg\" alt=\"\" class=\"kb-img wp-image-4472\" srcset=\"\/wp-content\/uploads\/2023\/05\/7155a473a9614d9a9df5374d6eaecea2.jpg 800w, \/wp-content\/uploads\/2023\/05\/7155a473a9614d9a9df5374d6eaecea2-300x191.jpg 300w, \/wp-content\/uploads\/2023\/05\/7155a473a9614d9a9df5374d6eaecea2-768x490.jpg 768w\" sizes=\"(max-width: 800px) 100vw, 800px\" \/><\/div><\/figure>\n\n\n<style>.wp-block-kadence-advancedheading.kt-adv-heading_7f6bef-07, .wp-block-kadence-advancedheading.kt-adv-heading_7f6bef-07[data-kb-block=\"kb-adv-heading_7f6bef-07\"]{margin-top:0px;margin-bottom:10px;text-align:center;font-size:24px;line-height:40px;font-weight:500;font-style:normal;}.wp-block-kadence-advancedheading.kt-adv-heading_7f6bef-07 mark.kt-highlight, .wp-block-kadence-advancedheading.kt-adv-heading_7f6bef-07[data-kb-block=\"kb-adv-heading_7f6bef-07\"] mark.kt-highlight{font-style:normal;color:#f76a0c;-webkit-box-decoration-break:clone;box-decoration-break:clone;padding-top:0px;padding-right:0px;padding-bottom:0px;padding-left:0px;}.wp-block-kadence-advancedheading.kt-adv-heading_7f6bef-07 img.kb-inline-image, .wp-block-kadence-advancedheading.kt-adv-heading_7f6bef-07[data-kb-block=\"kb-adv-heading_7f6bef-07\"] img.kb-inline-image{width:150px;vertical-align:baseline;}<\/style>\n<h4 class=\"kt-adv-heading_7f6bef-07 wp-block-kadence-advancedheading\" data-kb-block=\"kb-adv-heading_7f6bef-07\"><strong>Javier Marsell\u00e1<\/strong><\/h4>\n\n\n\n<div style=\"height:26px\" aria-hidden=\"true\" class=\"wp-block-spacer\"><\/div>\n\n\n<style>.kb-image_d7ae94-8e .kb-image-has-overlay:after{opacity:0.3;}.kb-image_d7ae94-8e img.kb-img, .kb-image_d7ae94-8e .kb-img img{box-shadow:0px 0px 14px 0px rgba(0, 0, 0, 0.2);filter:drop-shadow(0px 0px 14px rgba(0, 0, 0, 0.2));}<\/style>\n<figure class=\"wp-block-kadence-image kb-image_d7ae94-8e size-full kb-image-is-ratio-size\"><div class=\"kb-is-ratio-image kb-image-ratio-land32\"><img decoding=\"async\" width=\"862\" height=\"600\" src=\"https:\/\/motoguapa.com\/wp-content\/uploads\/2023\/05\/f9c78c4d0df44bcfb61e4a169db1c854.jpg\" alt=\"\" class=\"kb-img wp-image-4470\" srcset=\"\/wp-content\/uploads\/2023\/05\/f9c78c4d0df44bcfb61e4a169db1c854.jpg 862w, \/wp-content\/uploads\/2023\/05\/f9c78c4d0df44bcfb61e4a169db1c854-300x209.jpg 300w, \/wp-content\/uploads\/2023\/05\/f9c78c4d0df44bcfb61e4a169db1c854-768x535.jpg 768w\" sizes=\"(max-width: 862px) 100vw, 862px\" \/><\/div><\/figure>\n\n\n<style>.wp-block-kadence-advancedheading.kt-adv-heading_513bde-66, .wp-block-kadence-advancedheading.kt-adv-heading_513bde-66[data-kb-block=\"kb-adv-heading_513bde-66\"]{margin-top:0px;margin-bottom:10px;text-align:center;font-size:24px;line-height:40px;font-weight:500;font-style:normal;}.wp-block-kadence-advancedheading.kt-adv-heading_513bde-66 mark.kt-highlight, .wp-block-kadence-advancedheading.kt-adv-heading_513bde-66[data-kb-block=\"kb-adv-heading_513bde-66\"] mark.kt-highlight{font-style:normal;color:#f76a0c;-webkit-box-decoration-break:clone;box-decoration-break:clone;padding-top:0px;padding-right:0px;padding-bottom:0px;padding-left:0px;}.wp-block-kadence-advancedheading.kt-adv-heading_513bde-66 img.kb-inline-image, .wp-block-kadence-advancedheading.kt-adv-heading_513bde-66[data-kb-block=\"kb-adv-heading_513bde-66\"] img.kb-inline-image{width:150px;vertical-align:baseline;}<\/style>\n<h4 class=\"kt-adv-heading_513bde-66 wp-block-kadence-advancedheading\" data-kb-block=\"kb-adv-heading_513bde-66\"><strong><strong>Joan Segura<\/strong><\/strong><\/h4>\n<\/div>\n\n\n\n<div class=\"wp-block-column is-layout-flow wp-block-column-is-layout-flow\">\n<h1 class=\"wp-block-heading has-text-align-center\">Albumes<\/h1>\n\n\n\n<figure class=\"wp-block-image size-full is-resized\"><img loading=\"lazy\" decoding=\"async\" src=\"https:\/\/motoguapa.com\/wp-content\/uploads\/2023\/05\/q4.jpg\" alt=\"\" class=\"wp-image-4506\" width=\"542\" height=\"379\" srcset=\"\/wp-content\/uploads\/2023\/05\/q4.jpg 714w, \/wp-content\/uploads\/2023\/05\/q4-300x210.jpg 300w\" sizes=\"(max-width: 542px) 100vw, 542px\" \/><\/figure>\n\n\n<style>.wp-block-kadence-advancedheading.kt-adv-heading_e996f1-6a, .wp-block-kadence-advancedheading.kt-adv-heading_e996f1-6a[data-kb-block=\"kb-adv-heading_e996f1-6a\"]{text-align:center;font-size:24px;font-weight:500;font-style:normal;}.wp-block-kadence-advancedheading.kt-adv-heading_e996f1-6a mark.kt-highlight, .wp-block-kadence-advancedheading.kt-adv-heading_e996f1-6a[data-kb-block=\"kb-adv-heading_e996f1-6a\"] mark.kt-highlight{font-style:normal;color:#f76a0c;-webkit-box-decoration-break:clone;box-decoration-break:clone;padding-top:0px;padding-right:0px;padding-bottom:0px;padding-left:0px;}.wp-block-kadence-advancedheading.kt-adv-heading_e996f1-6a img.kb-inline-image, .wp-block-kadence-advancedheading.kt-adv-heading_e996f1-6a[data-kb-block=\"kb-adv-heading_e996f1-6a\"] img.kb-inline-image{width:150px;vertical-align:baseline;}<\/style>\n<h4 class=\"kt-adv-heading_e996f1-6a wp-block-kadence-advancedheading\" data-kb-block=\"kb-adv-heading_e996f1-6a\">Lloren\u00e7 Bota<\/h4>\n\n\n\n<div style=\"height:26px\" aria-hidden=\"true\" class=\"wp-block-spacer\"><\/div>\n\n\n\n<figure class=\"wp-block-image size-large is-resized\"><img loading=\"lazy\" decoding=\"async\" src=\"https:\/\/motoguapa.com\/wp-content\/uploads\/2023\/05\/1956-Huesca-E.Carrera-junto-al-taller-y-su-socio-y-buen-mecanico-J.-Mata-3-1024x757.jpg\" alt=\"\" class=\"wp-image-4510\" width=\"505\" height=\"373\" srcset=\"\/wp-content\/uploads\/2023\/05\/1956-Huesca-E.Carrera-junto-al-taller-y-su-socio-y-buen-mecanico-J.-Mata-3-1024x757.jpg 1024w, \/wp-content\/uploads\/2023\/05\/1956-Huesca-E.Carrera-junto-al-taller-y-su-socio-y-buen-mecanico-J.-Mata-3-300x222.jpg 300w, \/wp-content\/uploads\/2023\/05\/1956-Huesca-E.Carrera-junto-al-taller-y-su-socio-y-buen-mecanico-J.-Mata-3-768x568.jpg 768w, \/wp-content\/uploads\/2023\/05\/1956-Huesca-E.Carrera-junto-al-taller-y-su-socio-y-buen-mecanico-J.-Mata-3-1536x1136.jpg 1536w, \/wp-content\/uploads\/2023\/05\/1956-Huesca-E.Carrera-junto-al-taller-y-su-socio-y-buen-mecanico-J.-Mata-3.jpg 1770w\" sizes=\"(max-width: 505px) 100vw, 505px\" \/><\/figure>\n\n\n<style>.wp-block-kadence-advancedheading.kt-adv-heading_814270-e0, .wp-block-kadence-advancedheading.kt-adv-heading_814270-e0[data-kb-block=\"kb-adv-heading_814270-e0\"]{text-align:center;font-size:24px;font-weight:500;font-style:normal;}.wp-block-kadence-advancedheading.kt-adv-heading_814270-e0 mark.kt-highlight, .wp-block-kadence-advancedheading.kt-adv-heading_814270-e0[data-kb-block=\"kb-adv-heading_814270-e0\"] mark.kt-highlight{font-style:normal;color:#f76a0c;-webkit-box-decoration-break:clone;box-decoration-break:clone;padding-top:0px;padding-right:0px;padding-bottom:0px;padding-left:0px;}.wp-block-kadence-advancedheading.kt-adv-heading_814270-e0 img.kb-inline-image, .wp-block-kadence-advancedheading.kt-adv-heading_814270-e0[data-kb-block=\"kb-adv-heading_814270-e0\"] img.kb-inline-image{width:150px;vertical-align:baseline;}<\/style>\n<h4 class=\"kt-adv-heading_814270-e0 wp-block-kadence-advancedheading\" data-kb-block=\"kb-adv-heading_814270-e0\">Eliseo Carrera<\/h4>\n<\/div>\n<\/div>\n\n\n\n<p><\/p>\n","protected":false},"excerpt":{"rendered":"<p>El fondo fotogr\u00e1fico de Motoguapa est\u00e1 compuesto por centenares de fotograf\u00edas en b\/n y color, muchas de ellas originales cedidas por sus propios autores (Galer\u00edas) o bien sacadas de las colecciones personales de diversos pilotos, coleccionistas y aficionados (Albumes). La mayor\u00eda son obra de unos fot\u00f3grafos amateurs cuyo nivel de calidad podr\u00eda rivalizar con el&#8230;<\/p>\n","protected":false},"author":1,"featured_media":1207,"parent":0,"menu_order":6,"comment_status":"closed","ping_status":"closed","template":"","meta":{"_coblocks_attr":"","_coblocks_dimensions":"","_coblocks_responsive_height":"","_coblocks_accordion_ie_support":"","_monsterinsights_skip_tracking":false,"_monsterinsights_sitenote_active":false,"_monsterinsights_sitenote_note":"","_monsterinsights_sitenote_category":0,"_kad_post_transparent":"","_kad_post_title":"","_kad_post_layout":"","_kad_post_sidebar_id":"","_kad_post_content_style":"","_kad_post_vertical_padding":"","_kad_post_feature":"","_kad_post_feature_position":"","_kad_post_header":false,"_kad_post_footer":false,"_kad_post_classname":"","footnotes":""},"class_list":["post-1497","page","type-page","status-publish","has-post-thumbnail","hentry"],"_links":{"self":[{"href":"https:\/\/motoguapa.com\/index.php\/wp-json\/wp\/v2\/pages\/1497","targetHints":{"allow":["GET"]}}],"collection":[{"href":"https:\/\/motoguapa.com\/index.php\/wp-json\/wp\/v2\/pages"}],"about":[{"href":"https:\/\/motoguapa.com\/index.php\/wp-json\/wp\/v2\/types\/page"}],"author":[{"embeddable":true,"href":"https:\/\/motoguapa.com\/index.php\/wp-json\/wp\/v2\/users\/1"}],"replies":[{"embeddable":true,"href":"https:\/\/motoguapa.com\/index.php\/wp-json\/wp\/v2\/comments?post=1497"}],"version-history":[{"count":14,"href":"https:\/\/motoguapa.com\/index.php\/wp-json\/wp\/v2\/pages\/1497\/revisions"}],"predecessor-version":[{"id":5613,"href":"https:\/\/motoguapa.com\/index.php\/wp-json\/wp\/v2\/pages\/1497\/revisions\/5613"}],"wp:featuredmedia":[{"embeddable":true,"href":"https:\/\/motoguapa.com\/index.php\/wp-json\/wp\/v2\/media\/1207"}],"wp:attachment":[{"href":"https:\/\/motoguapa.com\/index.php\/wp-json\/wp\/v2\/media?parent=1497"}],"curies":[{"name":"wp","href":"https:\/\/api.w.org\/{rel}","templated":true}]}}